{"id":481,"date":"2021-09-02T09:41:00","date_gmt":"2021-09-02T07:41:00","guid":{"rendered":"https:\/\/www.marcustrade.sk\/ueber-uns\/"},"modified":"2023-07-03T10:39:37","modified_gmt":"2023-07-03T08:39:37","slug":"ueber-uns","status":"publish","type":"page","link":"https:\/\/www.marcustrade.sk\/de\/ueber-uns\/","title":{"rendered":"\u00dcber uns"},"content":{"rendered":"\t\t<div data-elementor-type=\"wp-page\" data-elementor-id=\"481\" class=\"elementor elementor-481 elementor-153\" data-elementor-post-type=\"page\">\n\t\t\t\t\t\t<section class=\"elementor-section elementor-top-section elementor-element elementor-element-6d24c81 elementor-section-boxed elementor-section-height-default elementor-section-height-default\" data-id=\"6d24c81\" data-element_type=\"section\" data-e-type=\"section\" data-settings=\"{&quot;background_background&quot;:&quot;classic&quot;}\">\n\t\t\t\t\t\t<div class=\"elementor-container elementor-column-gap-default\">\n\t\t\t\t\t<div class=\"elementor-column elementor-col-100 elementor-top-column elementor-element elementor-element-2b6e424\" data-id=\"2b6e424\" data-element_type=\"column\" data-e-type=\"column\">\n\t\t\t<div class=\"elementor-widget-wrap elementor-element-populated\">\n\t\t\t\t\t\t<div class=\"elementor-element elementor-element-a5961b3 elementor-blockquote--skin-quotation elementor-blockquote--align-center elementor-widget elementor-widget-blockquote\" data-id=\"a5961b3\" data-element_type=\"widget\" data-e-type=\"widget\" data-widget_type=\"blockquote.default\">\n\t\t\t\t<div class=\"elementor-widget-container\">\n\t\t\t\t\t\t\t<blockquote class=\"elementor-blockquote\">\n\t\t\t<p class=\"elementor-blockquote__content\">\n\t\t\t\tWir sind ein Handelsunternehmen, das Wert auf effektive Prozesse und eine gesunde Arbeitskultur legt.\t\t\t<\/p>\n\t\t\t\t\t<\/blockquote>\n\t\t\t\t\t\t<\/div>\n\t\t\t\t<\/div>\n\t\t\t\t\t<\/div>\n\t\t<\/div>\n\t\t\t\t\t<\/div>\n\t\t<\/section>\n\t\t\t\t<section class=\"elementor-section elementor-top-section elementor-element elementor-element-604d7c2 elementor-section-stretched elementor-section-boxed elementor-section-height-default elementor-section-height-default\" data-id=\"604d7c2\" data-element_type=\"section\" data-e-type=\"section\" data-settings=\"{&quot;stretch_section&quot;:&quot;section-stretched&quot;,&quot;background_background&quot;:&quot;classic&quot;}\">\n\t\t\t\t\t\t<div class=\"elementor-container elementor-column-gap-default\">\n\t\t\t\t\t<div class=\"elementor-column elementor-col-50 elementor-top-column elementor-element elementor-element-0ffa633\" data-id=\"0ffa633\" data-element_type=\"column\" data-e-type=\"column\">\n\t\t\t<div class=\"elementor-widget-wrap elementor-element-populated\">\n\t\t\t\t\t\t<div class=\"elementor-element elementor-element-8557976 elementor-widget elementor-widget-text-editor\" data-id=\"8557976\" data-element_type=\"widget\" data-e-type=\"widget\" data-widget_type=\"text-editor.default\">\n\t\t\t\t<div class=\"elementor-widget-container\">\n\t\t\t\t\t\t\t\t\t<strong>Wir verkaufen Produkte<\/strong><br>\r\nmit unseren Partnern in mehr als 20 slowakischen St\u00e4dten\t\t\t\t\t\t\t\t<\/div>\n\t\t\t\t<\/div>\n\t\t\t\t<div class=\"elementor-element elementor-element-402e164 elementor-widget elementor-widget-image\" data-id=\"402e164\" data-element_type=\"widget\" data-e-type=\"widget\" data-widget_type=\"image.default\">\n\t\t\t\t<div class=\"elementor-widget-container\">\n\t\t\t\t\t\t\t\t\t\t\t\t\t\t\t<img fetchpriority=\"high\" decoding=\"async\" width=\"395\" height=\"200\" src=\"https:\/\/www.marcustrade.sk\/wp-content\/uploads\/2020\/06\/partneri.png\" class=\"attachment-full size-full wp-image-488\" alt=\"\" srcset=\"https:\/\/www.marcustrade.sk\/wp-content\/uploads\/2020\/06\/partneri.png 395w, https:\/\/www.marcustrade.sk\/wp-content\/uploads\/2020\/06\/partneri-300x152.png 300w\" sizes=\"(max-width: 395px) 100vw, 395px\" \/>\t\t\t\t\t\t\t\t\t\t\t\t\t\t\t<\/div>\n\t\t\t\t<\/div>\n\t\t\t\t\t<\/div>\n\t\t<\/div>\n\t\t\t\t<div class=\"elementor-column elementor-col-50 elementor-top-column elementor-element elementor-element-1e3d114\" data-id=\"1e3d114\" data-element_type=\"column\" data-e-type=\"column\" data-settings=\"{&quot;background_background&quot;:&quot;classic&quot;}\">\n\t\t\t<div class=\"elementor-widget-wrap elementor-element-populated\">\n\t\t\t\t\t\t<div class=\"elementor-element elementor-element-499d274 elementor-widget elementor-widget-text-editor\" data-id=\"499d274\" data-element_type=\"widget\" data-e-type=\"widget\" data-widget_type=\"text-editor.default\">\n\t\t\t\t<div class=\"elementor-widget-container\">\n\t\t\t\t\t\t\t\t\t<p><strong>Wir kaufen direkt<\/strong><br \/>von 30 ausl\u00e4ndischen Lieferanten<\/p>\n\t\t\t\t\t\t\t\t<\/div>\n\t\t\t\t<\/div>\n\t\t\t\t<div class=\"elementor-element elementor-element-f644c5a elementor-widget elementor-widget-spacer\" data-id=\"f644c5a\" data-element_type=\"widget\" data-e-type=\"widget\" data-widget_type=\"spacer.default\">\n\t\t\t\t<div class=\"elementor-widget-container\">\n\t\t\t\t\t\t\t<div class=\"elementor-spacer\">\n\t\t\t<div class=\"elementor-spacer-inner\"><\/div>\n\t\t<\/div>\n\t\t\t\t\t\t<\/div>\n\t\t\t\t<\/div>\n\t\t\t\t\t<\/div>\n\t\t<\/div>\n\t\t\t\t\t<\/div>\n\t\t<\/section>\n\t\t\t\t<section class=\"elementor-section elementor-top-section elementor-element elementor-element-9f936ab elementor-section-boxed elementor-section-height-default elementor-section-height-default\" data-id=\"9f936ab\" data-element_type=\"section\" data-e-type=\"section\" data-settings=\"{&quot;background_background&quot;:&quot;classic&quot;}\">\n\t\t\t\t\t\t<div class=\"elementor-container elementor-column-gap-default\">\n\t\t\t\t\t<div class=\"elementor-column elementor-col-100 elementor-top-column elementor-element elementor-element-da22489\" data-id=\"da22489\" data-element_type=\"column\" data-e-type=\"column\">\n\t\t\t<div class=\"elementor-widget-wrap elementor-element-populated\">\n\t\t\t\t\t\t<div class=\"elementor-element elementor-element-8838b79 elementor-widget elementor-widget-text-editor\" data-id=\"8838b79\" data-element_type=\"widget\" data-e-type=\"widget\" data-widget_type=\"text-editor.default\">\n\t\t\t\t<div class=\"elementor-widget-container\">\n\t\t\t\t\t\t\t\t\t<p>Wir setzen moderne IT-Technologien nicht nur in Standardprozessen wie Auftragseingang und Rechnungsstellung ein. Wir legen gro\u00dfen Wert auf einen effektiven Warenversand. Marketing und Kommunikation werden mit treuen potentiellen Kunden durch CRM-System <a href=\"https:\/\/www.eway-crm.com\/sk\/\" target=\"_blank\" rel=\"noopener\">EWAY-CRM<\/a> verfolgt.<\/p>\n<p>Unser Management \u00fcberpr\u00fcft all diese Prozesse mit <a href=\"https:\/\/www.bireporting.sk\/\" target=\"_blank\" rel=\"noopener\">BI REPORTING<\/a>, was uns erm\u00f6glicht, den aktuellen Cashflow und die notwendigen Informationen zur Gesch\u00e4ftsf\u00fchrung zu sehen.<\/p>\n\t\t\t\t\t\t\t\t<\/div>\n\t\t\t\t<\/div>\n\t\t\t\t\t<\/div>\n\t\t<\/div>\n\t\t\t\t\t<\/div>\n\t\t<\/section>\n\t\t\t\t<section class=\"elementor-section elementor-top-section elementor-element elementor-element-56d7568 elementor-section-boxed elementor-section-height-default elementor-section-height-default\" data-id=\"56d7568\" data-element_type=\"section\" data-e-type=\"section\">\n\t\t\t\t\t\t<div class=\"elementor-container elementor-column-gap-default\">\n\t\t\t\t\t<div class=\"elementor-column elementor-col-50 elementor-top-column elementor-element elementor-element-62b22b2\" data-id=\"62b22b2\" data-element_type=\"column\" data-e-type=\"column\">\n\t\t\t<div class=\"elementor-widget-wrap elementor-element-populated\">\n\t\t\t\t\t\t<div class=\"elementor-element elementor-element-36c5008 animated-slow elementor-invisible elementor-widget elementor-widget-image\" data-id=\"36c5008\" data-element_type=\"widget\" data-e-type=\"widget\" data-settings=\"{&quot;_animation&quot;:&quot;fadeIn&quot;,&quot;_animation_delay&quot;:0}\" data-widget_type=\"image.default\">\n\t\t\t\t<div class=\"elementor-widget-container\">\n\t\t\t\t\t\t\t\t\t\t\t\t\t\t\t\t<a href=\"https:\/\/www.bireporting.sk\/\" target=\"_blank\" rel=\"nofollow\">\n\t\t\t\t\t\t\t<img decoding=\"async\" width=\"122\" height=\"100\" src=\"https:\/\/www.marcustrade.sk\/wp-content\/uploads\/2020\/06\/logobmgroupretina.png\" class=\"elementor-animation-grow attachment-full size-full wp-image-489\" alt=\"\" \/>\t\t\t\t\t\t\t\t<\/a>\n\t\t\t\t\t\t\t\t\t\t\t\t\t\t\t<\/div>\n\t\t\t\t<\/div>\n\t\t\t\t\t<\/div>\n\t\t<\/div>\n\t\t\t\t<div class=\"elementor-column elementor-col-50 elementor-top-column elementor-element elementor-element-3f3f545\" data-id=\"3f3f545\" data-element_type=\"column\" data-e-type=\"column\">\n\t\t\t<div class=\"elementor-widget-wrap elementor-element-populated\">\n\t\t\t\t\t\t<div class=\"elementor-element elementor-element-66cd4d4 animated-slow elementor-invisible elementor-widget elementor-widget-image\" data-id=\"66cd4d4\" data-element_type=\"widget\" data-e-type=\"widget\" data-settings=\"{&quot;_animation&quot;:&quot;fadeIn&quot;,&quot;_animation_delay&quot;:600}\" data-widget_type=\"image.default\">\n\t\t\t\t<div class=\"elementor-widget-container\">\n\t\t\t\t\t\t\t\t\t\t\t\t\t\t\t\t<a href=\"https:\/\/www.eway-crm.com\/sk\/\" target=\"_blank\" rel=\"nofollow\">\n\t\t\t\t\t\t\t<img decoding=\"async\" width=\"230\" height=\"100\" src=\"https:\/\/www.marcustrade.sk\/wp-content\/uploads\/2020\/06\/ewaycrmlogo.png\" class=\"elementor-animation-grow attachment-full size-full wp-image-493\" alt=\"\" \/>\t\t\t\t\t\t\t\t<\/a>\n\t\t\t\t\t\t\t\t\t\t\t\t\t\t\t<\/div>\n\t\t\t\t<\/div>\n\t\t\t\t\t<\/div>\n\t\t<\/div>\n\t\t\t\t\t<\/div>\n\t\t<\/section>\n\t\t\t\t<\/div>\n\t\t","protected":false},"excerpt":{"rendered":"<p>Wir sind ein Handelsunternehmen, das Wert auf effektive Prozesse und eine gesunde Arbeitskultur legt. Wir verkaufen Produkte mit unseren Partnern in mehr als 20 slowakischen St\u00e4dten Wir kaufen direktvon 30 ausl\u00e4ndischen Lieferanten Wir setzen moderne IT-Technologien nicht nur in Standardprozessen wie Auftragseingang und Rechnungsstellung ein. Wir legen gro\u00dfen Wert auf einen effektiven Warenversand. Marketing und [&hellip;]<\/p>\n","protected":false},"author":1,"featured_media":486,"parent":0,"menu_order":0,"comment_status":"closed","ping_status":"closed","template":"","meta":{"site-sidebar-layout":"no-sidebar","site-content-layout":"page-builder","ast-site-content-layout":"default","site-content-style":"default","site-sidebar-style":"default","ast-global-header-display":"","ast-banner-title-visibility":"","ast-main-header-display":"","ast-hfb-above-header-display":"","ast-hfb-below-header-display":"","ast-hfb-mobile-header-display":"","site-post-title":"disabled","ast-breadcrumbs-content":"","ast-featured-img":"disabled","footer-sml-layout":"","ast-disable-related-posts":"","theme-transparent-header-meta":"default","adv-header-id-meta":"","stick-header-meta":"","header-above-stick-meta":"","header-main-stick-meta":"","header-below-stick-meta":"","astra-migrate-meta-layouts":"default","ast-page-background-enabled":"default","ast-page-background-meta":{"desktop":{"background-color":"","background-image":"","background-repeat":"repeat","background-position":"center center","background-size":"auto","background-attachment":"scroll","background-type":"","background-media":"","overlay-type":"","overlay-color":"","overlay-opacity":"","overlay-gradient":""},"tablet":{"background-color":"","background-image":"","background-repeat":"repeat","background-position":"center center","background-size":"auto","background-attachment":"scroll","background-type":"","background-media":"","overlay-type":"","overlay-color":"","overlay-opacity":"","overlay-gradient":""},"mobile":{"background-color":"","background-image":"","background-repeat":"repeat","background-position":"center center","background-size":"auto","background-attachment":"scroll","background-type":"","background-media":"","overlay-type":"","overlay-color":"","overlay-opacity":"","overlay-gradient":""}},"ast-content-background-meta":{"desktop":{"background-color":"var(--ast-global-color-5)","background-image":"","background-repeat":"repeat","background-position":"center center","background-size":"auto","background-attachment":"scroll","background-type":"","background-media":"","overlay-type":"","overlay-color":"","overlay-opacity":"","overlay-gradient":""},"tablet":{"background-color":"var(--ast-global-color-5)","background-image":"","background-repeat":"repeat","background-position":"center center","background-size":"auto","background-attachment":"scroll","background-type":"","background-media":"","overlay-type":"","overlay-color":"","overlay-opacity":"","overlay-gradient":""},"mobile":{"background-color":"var(--ast-global-color-5)","background-image":"","background-repeat":"repeat","background-position":"center center","background-size":"auto","background-attachment":"scroll","background-type":"","background-media":"","overlay-type":"","overlay-color":"","overlay-opacity":"","overlay-gradient":""}},"footnotes":""},"class_list":["post-481","page","type-page","status-publish","has-post-thumbnail","hentry"],"yoast_head":"<!-- This site is optimized with the Yoast SEO plugin v27.3 - https:\/\/yoast.com\/product\/yoast-seo-wordpress\/ -->\n<title>\u00dcber uns - MARCUS TRADE, s.r.o.<\/title>\n<meta name=\"robots\" content=\"index, follow, max-snippet:-1, max-image-preview:large, max-video-preview:-1\" \/>\n<link rel=\"canonical\" href=\"https:\/\/www.marcustrade.sk\/de\/ueber-uns\/\" \/>\n<meta property=\"og:locale\" content=\"de_DE\" \/>\n<meta property=\"og:type\" content=\"article\" \/>\n<meta property=\"og:title\" content=\"\u00dcber uns - MARCUS TRADE, s.r.o.\" \/>\n<meta property=\"og:description\" content=\"Wir sind ein Handelsunternehmen, das Wert auf effektive Prozesse und eine gesunde Arbeitskultur legt. Wir verkaufen Produkte mit unseren Partnern in mehr als 20 slowakischen St\u00e4dten Wir kaufen direktvon 30 ausl\u00e4ndischen Lieferanten Wir setzen moderne IT-Technologien nicht nur in Standardprozessen wie Auftragseingang und Rechnungsstellung ein. Wir legen gro\u00dfen Wert auf einen effektiven Warenversand. Marketing und [&hellip;]\" \/>\n<meta property=\"og:url\" content=\"https:\/\/www.marcustrade.sk\/de\/ueber-uns\/\" \/>\n<meta property=\"og:site_name\" content=\"MARCUS TRADE, s.r.o.\" \/>\n<meta property=\"article:publisher\" content=\"https:\/\/www.facebook.com\/marcuseshop\/\" \/>\n<meta property=\"article:modified_time\" content=\"2023-07-03T08:39:37+00:00\" \/>\n<meta property=\"og:image\" content=\"https:\/\/www.marcustrade.sk\/wp-content\/uploads\/2020\/06\/woman-3687084_1920.jpg\" \/>\n\t<meta property=\"og:image:width\" content=\"1920\" \/>\n\t<meta property=\"og:image:height\" content=\"1280\" \/>\n\t<meta property=\"og:image:type\" content=\"image\/jpeg\" \/>\n<meta name=\"twitter:card\" content=\"summary_large_image\" \/>\n<script type=\"application\/ld+json\" class=\"yoast-schema-graph\">{\"@context\":\"https:\\\/\\\/schema.org\",\"@graph\":[{\"@type\":\"WebPage\",\"@id\":\"https:\\\/\\\/www.marcustrade.sk\\\/de\\\/ueber-uns\\\/\",\"url\":\"https:\\\/\\\/www.marcustrade.sk\\\/de\\\/ueber-uns\\\/\",\"name\":\"\u00dcber uns - MARCUS TRADE, s.r.o.\",\"isPartOf\":{\"@id\":\"https:\\\/\\\/www.marcustrade.sk\\\/de\\\/#website\"},\"primaryImageOfPage\":{\"@id\":\"https:\\\/\\\/www.marcustrade.sk\\\/de\\\/ueber-uns\\\/#primaryimage\"},\"image\":{\"@id\":\"https:\\\/\\\/www.marcustrade.sk\\\/de\\\/ueber-uns\\\/#primaryimage\"},\"thumbnailUrl\":\"https:\\\/\\\/www.marcustrade.sk\\\/wp-content\\\/uploads\\\/2020\\\/06\\\/woman-3687084_1920.jpg\",\"datePublished\":\"2021-09-02T07:41:00+00:00\",\"dateModified\":\"2023-07-03T08:39:37+00:00\",\"breadcrumb\":{\"@id\":\"https:\\\/\\\/www.marcustrade.sk\\\/de\\\/ueber-uns\\\/#breadcrumb\"},\"inLanguage\":\"de\",\"potentialAction\":[{\"@type\":\"ReadAction\",\"target\":[\"https:\\\/\\\/www.marcustrade.sk\\\/de\\\/ueber-uns\\\/\"]}]},{\"@type\":\"ImageObject\",\"inLanguage\":\"de\",\"@id\":\"https:\\\/\\\/www.marcustrade.sk\\\/de\\\/ueber-uns\\\/#primaryimage\",\"url\":\"https:\\\/\\\/www.marcustrade.sk\\\/wp-content\\\/uploads\\\/2020\\\/06\\\/woman-3687084_1920.jpg\",\"contentUrl\":\"https:\\\/\\\/www.marcustrade.sk\\\/wp-content\\\/uploads\\\/2020\\\/06\\\/woman-3687084_1920.jpg\",\"width\":1920,\"height\":1280},{\"@type\":\"BreadcrumbList\",\"@id\":\"https:\\\/\\\/www.marcustrade.sk\\\/de\\\/ueber-uns\\\/#breadcrumb\",\"itemListElement\":[{\"@type\":\"ListItem\",\"position\":1,\"name\":\"Domovsk\u00e1 str\u00e1nka\",\"item\":\"https:\\\/\\\/www.marcustrade.sk\\\/de\\\/\"},{\"@type\":\"ListItem\",\"position\":2,\"name\":\"\u00dcber uns\"}]},{\"@type\":\"WebSite\",\"@id\":\"https:\\\/\\\/www.marcustrade.sk\\\/de\\\/#website\",\"url\":\"https:\\\/\\\/www.marcustrade.sk\\\/de\\\/\",\"name\":\"MARCUS TRADE, s.r.o.\",\"description\":\"\",\"publisher\":{\"@id\":\"https:\\\/\\\/www.marcustrade.sk\\\/de\\\/#organization\"},\"potentialAction\":[{\"@type\":\"SearchAction\",\"target\":{\"@type\":\"EntryPoint\",\"urlTemplate\":\"https:\\\/\\\/www.marcustrade.sk\\\/de\\\/?s={search_term_string}\"},\"query-input\":{\"@type\":\"PropertyValueSpecification\",\"valueRequired\":true,\"valueName\":\"search_term_string\"}}],\"inLanguage\":\"de\"},{\"@type\":\"Organization\",\"@id\":\"https:\\\/\\\/www.marcustrade.sk\\\/de\\\/#organization\",\"name\":\"MARCUS TRADE, s.r.o.\",\"url\":\"https:\\\/\\\/www.marcustrade.sk\\\/de\\\/\",\"logo\":{\"@type\":\"ImageObject\",\"inLanguage\":\"de\",\"@id\":\"https:\\\/\\\/www.marcustrade.sk\\\/de\\\/#\\\/schema\\\/logo\\\/image\\\/\",\"url\":\"https:\\\/\\\/www.marcustrade.sk\\\/wp-content\\\/uploads\\\/2020\\\/01\\\/marcus-trade-logo.png\",\"contentUrl\":\"https:\\\/\\\/www.marcustrade.sk\\\/wp-content\\\/uploads\\\/2020\\\/01\\\/marcus-trade-logo.png\",\"width\":\"340\",\"height\":\"105\",\"caption\":\"MARCUS TRADE, s.r.o.\"},\"image\":{\"@id\":\"https:\\\/\\\/www.marcustrade.sk\\\/de\\\/#\\\/schema\\\/logo\\\/image\\\/\"},\"sameAs\":[\"https:\\\/\\\/www.facebook.com\\\/marcuseshop\\\/\",\"https:\\\/\\\/www.instagram.com\\\/marcustrade\\\/\",\"https:\\\/\\\/www.youtube.com\\\/user\\\/MARCUSshop1\"]}]}<\/script>\n<!-- \/ Yoast SEO plugin. -->","yoast_head_json":{"title":"\u00dcber uns - MARCUS TRADE, s.r.o.","robots":{"index":"index","follow":"follow","max-snippet":"max-snippet:-1","max-image-preview":"max-image-preview:large","max-video-preview":"max-video-preview:-1"},"canonical":"https:\/\/www.marcustrade.sk\/de\/ueber-uns\/","og_locale":"de_DE","og_type":"article","og_title":"\u00dcber uns - MARCUS TRADE, s.r.o.","og_description":"Wir sind ein Handelsunternehmen, das Wert auf effektive Prozesse und eine gesunde Arbeitskultur legt. Wir verkaufen Produkte mit unseren Partnern in mehr als 20 slowakischen St\u00e4dten Wir kaufen direktvon 30 ausl\u00e4ndischen Lieferanten Wir setzen moderne IT-Technologien nicht nur in Standardprozessen wie Auftragseingang und Rechnungsstellung ein. Wir legen gro\u00dfen Wert auf einen effektiven Warenversand. Marketing und [&hellip;]","og_url":"https:\/\/www.marcustrade.sk\/de\/ueber-uns\/","og_site_name":"MARCUS TRADE, s.r.o.","article_publisher":"https:\/\/www.facebook.com\/marcuseshop\/","article_modified_time":"2023-07-03T08:39:37+00:00","og_image":[{"width":1920,"height":1280,"url":"https:\/\/www.marcustrade.sk\/wp-content\/uploads\/2020\/06\/woman-3687084_1920.jpg","type":"image\/jpeg"}],"twitter_card":"summary_large_image","schema":{"@context":"https:\/\/schema.org","@graph":[{"@type":"WebPage","@id":"https:\/\/www.marcustrade.sk\/de\/ueber-uns\/","url":"https:\/\/www.marcustrade.sk\/de\/ueber-uns\/","name":"\u00dcber uns - MARCUS TRADE, s.r.o.","isPartOf":{"@id":"https:\/\/www.marcustrade.sk\/de\/#website"},"primaryImageOfPage":{"@id":"https:\/\/www.marcustrade.sk\/de\/ueber-uns\/#primaryimage"},"image":{"@id":"https:\/\/www.marcustrade.sk\/de\/ueber-uns\/#primaryimage"},"thumbnailUrl":"https:\/\/www.marcustrade.sk\/wp-content\/uploads\/2020\/06\/woman-3687084_1920.jpg","datePublished":"2021-09-02T07:41:00+00:00","dateModified":"2023-07-03T08:39:37+00:00","breadcrumb":{"@id":"https:\/\/www.marcustrade.sk\/de\/ueber-uns\/#breadcrumb"},"inLanguage":"de","potentialAction":[{"@type":"ReadAction","target":["https:\/\/www.marcustrade.sk\/de\/ueber-uns\/"]}]},{"@type":"ImageObject","inLanguage":"de","@id":"https:\/\/www.marcustrade.sk\/de\/ueber-uns\/#primaryimage","url":"https:\/\/www.marcustrade.sk\/wp-content\/uploads\/2020\/06\/woman-3687084_1920.jpg","contentUrl":"https:\/\/www.marcustrade.sk\/wp-content\/uploads\/2020\/06\/woman-3687084_1920.jpg","width":1920,"height":1280},{"@type":"BreadcrumbList","@id":"https:\/\/www.marcustrade.sk\/de\/ueber-uns\/#breadcrumb","itemListElement":[{"@type":"ListItem","position":1,"name":"Domovsk\u00e1 str\u00e1nka","item":"https:\/\/www.marcustrade.sk\/de\/"},{"@type":"ListItem","position":2,"name":"\u00dcber uns"}]},{"@type":"WebSite","@id":"https:\/\/www.marcustrade.sk\/de\/#website","url":"https:\/\/www.marcustrade.sk\/de\/","name":"MARCUS TRADE, s.r.o.","description":"","publisher":{"@id":"https:\/\/www.marcustrade.sk\/de\/#organization"},"potentialAction":[{"@type":"SearchAction","target":{"@type":"EntryPoint","urlTemplate":"https:\/\/www.marcustrade.sk\/de\/?s={search_term_string}"},"query-input":{"@type":"PropertyValueSpecification","valueRequired":true,"valueName":"search_term_string"}}],"inLanguage":"de"},{"@type":"Organization","@id":"https:\/\/www.marcustrade.sk\/de\/#organization","name":"MARCUS TRADE, s.r.o.","url":"https:\/\/www.marcustrade.sk\/de\/","logo":{"@type":"ImageObject","inLanguage":"de","@id":"https:\/\/www.marcustrade.sk\/de\/#\/schema\/logo\/image\/","url":"https:\/\/www.marcustrade.sk\/wp-content\/uploads\/2020\/01\/marcus-trade-logo.png","contentUrl":"https:\/\/www.marcustrade.sk\/wp-content\/uploads\/2020\/01\/marcus-trade-logo.png","width":"340","height":"105","caption":"MARCUS TRADE, s.r.o."},"image":{"@id":"https:\/\/www.marcustrade.sk\/de\/#\/schema\/logo\/image\/"},"sameAs":["https:\/\/www.facebook.com\/marcuseshop\/","https:\/\/www.instagram.com\/marcustrade\/","https:\/\/www.youtube.com\/user\/MARCUSshop1"]}]}},"_links":{"self":[{"href":"https:\/\/www.marcustrade.sk\/de\/wp-json\/wp\/v2\/pages\/481","targetHints":{"allow":["GET"]}}],"collection":[{"href":"https:\/\/www.marcustrade.sk\/de\/wp-json\/wp\/v2\/pages"}],"about":[{"href":"https:\/\/www.marcustrade.sk\/de\/wp-json\/wp\/v2\/types\/page"}],"author":[{"embeddable":true,"href":"https:\/\/www.marcustrade.sk\/de\/wp-json\/wp\/v2\/users\/1"}],"replies":[{"embeddable":true,"href":"https:\/\/www.marcustrade.sk\/de\/wp-json\/wp\/v2\/comments?post=481"}],"version-history":[{"count":2,"href":"https:\/\/www.marcustrade.sk\/de\/wp-json\/wp\/v2\/pages\/481\/revisions"}],"predecessor-version":[{"id":585,"href":"https:\/\/www.marcustrade.sk\/de\/wp-json\/wp\/v2\/pages\/481\/revisions\/585"}],"wp:featuredmedia":[{"embeddable":true,"href":"https:\/\/www.marcustrade.sk\/de\/wp-json\/wp\/v2\/media\/486"}],"wp:attachment":[{"href":"https:\/\/www.marcustrade.sk\/de\/wp-json\/wp\/v2\/media?parent=481"}],"curies":[{"name":"wp","href":"https:\/\/api.w.org\/{rel}","templated":true}]}}